{"id":984,"date":"2019-02-14T15:21:40","date_gmt":"2019-02-14T20:21:40","guid":{"rendered":"https:\/\/wordpress-214024-787960.cloudwaysapps.com\/?page_id=984"},"modified":"2021-10-04T12:37:52","modified_gmt":"2021-10-04T16:37:52","slug":"cabernet-sauvignon","status":"publish","type":"page","link":"https:\/\/www.carnivorwine.ca\/fr\/cabernet-sauvignon\/","title":{"rendered":"Cabernet Sauvignon"},"content":{"rendered":"\n\n\t<h1>\n\t\t\t\tCabernet Sauvignon\n\t\t\t<\/h1>\n\t<p><strong>AUDACIEUX | DOUX | RAFFIN\u00c9<\/strong><\/p>\n\t\t\t\t<img decoding=\"async\" src=\"https:\/\/www.carnivorwine.ca\/wp-content\/uploads\/carnivor-separator-2.png\" alt=\"carnivor-separator\" itemprop=\"image\" height=\"52\" width=\"214\" title=\"carnivor-separator\" onerror=\"this.style.display='none'\"  \/>\n\t<p>Audacieusement assembl\u00e9, notre Cabernet Sauvignon de Californie est un compl\u00e9ment exceptionnel \u00e0 votre viande rouge pr\u00e9f\u00e9r\u00e9e, gr\u00e2ce \u00e0 ses notes de m\u00fbre riche, de caramel succulent et de ch\u00eane grill\u00e9 onctueux.<\/p>\n\t<h3>C\u00e9pages<\/h3>\t\t\n88% Cabernet Sauvignon\n5% Petite Sirah\n7% Autres vins\n\t<h3>Origine<\/h3>\t\t\n\t\t\tCalifornie\n\t<h3>Teneur en alcool<\/h3>\t\t\n\t\t\t13.5 %\n\t\t\t\t<img decoding=\"async\" src=\"https:\/\/www.carnivorwine.ca\/wp-content\/uploads\/carnivor-separator-2.png\" alt=\"carnivor-separator\" itemprop=\"image\" height=\"52\" width=\"214\" title=\"carnivor-separator\" onerror=\"this.style.display='none'\"  \/>\n<h2>\n\t\tAccords viandes et vin\n\t<\/h2>\n\t<p><a href=\"https:\/\/www.carnivorwine.ca\/fr\/recettes\/bifteck-contre-filet-saisis-a-lenvers\/\">Bifteck de contre-filet<\/a> | <a href=\"https:\/\/www.carnivorwine.ca\/fr\/recettes\/bavette-de-boeuf-max-laffame\/\">Bavette de boeuf<\/a><\/p>\n\t\t\t<a href=\"\" target=\"_self\" role=\"button\" rel=\"noopener\">\n\t\t\t\t\t\t\tSee our famous receipe\n\t\t\t\t\t<\/a>\n\t\t\t<a href=\"https:\/\/www.carnivorwine.ca\/fr\/zinfandel\/\" target=\"_self\" role=\"button\" rel=\"noopener\">\n\t\t\t\t\t\t\tVous aimez notre Cabernet? Jetez un coup d&rsquo;\u0153il \u00e0 notre Zinfandel!\n\t\t\t<\/a>\n\n","protected":false},"excerpt":{"rendered":"<p>Cabernet Sauvignon AUDACIEUX | DOUX | RAFFIN\u00c9 Audacieusement assembl\u00e9, notre Cabernet Sauvignon de Californie est un compl\u00e9ment exceptionnel \u00e0 votre viande rouge pr\u00e9f\u00e9r\u00e9e, gr\u00e2ce \u00e0 ses notes de m\u00fbre riche, de caramel succulent et de ch\u00eane grill\u00e9 onctueux. C\u00e9pages 88% Cabernet Sauvignon 5% Petite Sirah 7% Autres vins Origine Californie Teneur en alcool 13.5 % [&hellip;]<\/p>\n","protected":false},"author":1,"featured_media":0,"parent":0,"menu_order":0,"comment_status":"closed","ping_status":"closed","template":"","meta":{"_seopress_robots_primary_cat":"","_seopress_titles_title":"Vins Carnivor |  Cabernet Sauvignon","_seopress_titles_desc":"Ce cabernet sauvignon de Californie est compos\u00e9 de m\u00fbres, de caramel et de ch\u00eane grill\u00e9. Il s&#039;agencera exceptionnellement bien \u00e0 votre viande rouge pr\u00e9f\u00e9r\u00e9e.","_seopress_robots_index":"","site-sidebar-layout":"no-sidebar","site-content-layout":"page-builder","ast-site-content-layout":"default","site-content-style":"default","site-sidebar-style":"default","ast-global-header-display":"","ast-banner-title-visibility":"","ast-main-header-display":"","ast-hfb-above-header-display":"","ast-hfb-below-header-display":"","ast-hfb-mobile-header-display":"","site-post-title":"disabled","ast-breadcrumbs-content":"","ast-featured-img":"disabled","footer-sml-layout":"","ast-disable-related-posts":"","theme-transparent-header-meta":"default","adv-header-id-meta":"","stick-header-meta":"","header-above-stick-meta":"","header-main-stick-meta":"","header-below-stick-meta":"","astra-migrate-meta-layouts":"default","ast-page-background-enabled":"default","ast-page-background-meta":{"desktop":{"background-color":"","background-image":"","background-repeat":"repeat","background-position":"center center","background-size":"auto","background-attachment":"scroll","background-type":"","background-media":"","overlay-type":"","overlay-color":"","overlay-opacity":"","overlay-gradient":""},"tablet":{"background-color":"","background-image":"","background-repeat":"repeat","background-position":"center center","background-size":"auto","background-attachment":"scroll","background-type":"","background-media":"","overlay-type":"","overlay-color":"","overlay-opacity":"","overlay-gradient":""},"mobile":{"background-color":"","background-image":"","background-repeat":"repeat","background-position":"center center","background-size":"auto","background-attachment":"scroll","background-type":"","background-media":"","overlay-type":"","overlay-color":"","overlay-opacity":"","overlay-gradient":""}},"ast-content-background-meta":{"desktop":{"background-color":"var(--ast-global-color-5)","background-image":"","background-repeat":"repeat","background-position":"center center","background-size":"auto","background-attachment":"scroll","background-type":"","background-media":"","overlay-type":"","overlay-color":"","overlay-opacity":"","overlay-gradient":""},"tablet":{"background-color":"var(--ast-global-color-5)","background-image":"","background-repeat":"repeat","background-position":"center center","background-size":"auto","background-attachment":"scroll","background-type":"","background-media":"","overlay-type":"","overlay-color":"","overlay-opacity":"","overlay-gradient":""},"mobile":{"background-color":"var(--ast-global-color-5)","background-image":"","background-repeat":"repeat","background-position":"center center","background-size":"auto","background-attachment":"scroll","background-type":"","background-media":"","overlay-type":"","overlay-color":"","overlay-opacity":"","overlay-gradient":""}},"footnotes":""},"class_list":["post-984","page","type-page","status-publish","hentry"],"_links":{"self":[{"href":"https:\/\/www.carnivorwine.ca\/fr\/wp-json\/wp\/v2\/pages\/984","targetHints":{"allow":["GET"]}}],"collection":[{"href":"https:\/\/www.carnivorwine.ca\/fr\/wp-json\/wp\/v2\/pages"}],"about":[{"href":"https:\/\/www.carnivorwine.ca\/fr\/wp-json\/wp\/v2\/types\/page"}],"author":[{"embeddable":true,"href":"https:\/\/www.carnivorwine.ca\/fr\/wp-json\/wp\/v2\/users\/1"}],"replies":[{"embeddable":true,"href":"https:\/\/www.carnivorwine.ca\/fr\/wp-json\/wp\/v2\/comments?post=984"}],"version-history":[{"count":5,"href":"https:\/\/www.carnivorwine.ca\/fr\/wp-json\/wp\/v2\/pages\/984\/revisions"}],"predecessor-version":[{"id":2202,"href":"https:\/\/www.carnivorwine.ca\/fr\/wp-json\/wp\/v2\/pages\/984\/revisions\/2202"}],"wp:attachment":[{"href":"https:\/\/www.carnivorwine.ca\/fr\/wp-json\/wp\/v2\/media?parent=984"}],"curies":[{"name":"wp","href":"https:\/\/api.w.org\/{rel}","templated":true}]}}