{"id":982,"date":"2019-02-14T15:19:06","date_gmt":"2019-02-14T20:19:06","guid":{"rendered":"https:\/\/wordpress-214024-787960.cloudwaysapps.com\/?page_id=982"},"modified":"2021-10-07T11:14:12","modified_gmt":"2021-10-07T15:14:12","slug":"zinfandel","status":"publish","type":"page","link":"https:\/\/www.carnivorwine.ca\/fr\/zinfandel\/","title":{"rendered":"Zinfandel"},"content":{"rendered":"\n\n\t<h1>\n\t\t\t\tZinfandel\n\t\t\t<\/h1>\n\t<p><strong>INTENSE | AUDACIEUX | SAVOUREUX<\/strong><\/p>\n\t\t\t\t<img decoding=\"async\" src=\"https:\/\/www.carnivorwine.ca\/wp-content\/uploads\/carnivor-separator-2.png\" alt=\"carnivor-separator\" itemprop=\"image\" height=\"52\" width=\"214\" title=\"carnivor-separator\" onerror=\"this.style.display='none'\"  \/>\n\t<p>Notre doux Zinfandel pr\u00e9sente des notes de m\u00fbre riche, de caramel succulent et de ch\u00eane grill\u00e9 aromatique.<\/p>\n\t<h3>C\u00e9pages<\/h3>\t\t\n88% Zinfandel\n7% Cabernet Sauvignon\n5% Autres vins\n\t<h3>Origine<\/h3>\t\t\n\t\t\tCalifornie\n\t<h3>Teneur en alcool<\/h3>\t\t\n\t\t\t13.9 %\n\t\t\t\t<img decoding=\"async\" src=\"https:\/\/www.carnivorwine.ca\/wp-content\/uploads\/carnivor-separator-2.png\" alt=\"carnivor-separator\" itemprop=\"image\" height=\"52\" width=\"214\" title=\"carnivor-separator\" onerror=\"this.style.display='none'\"  \/>\n<h2>\n\t\tAccords viandes et vin\n\t<\/h2>\n\t<p><a href=\"https:\/\/www.carnivorwine.ca\/fr\/recettes\/hamburger-au-boeuf\/\">Burger au boeuf<\/a> | <a href=\"https:\/\/www.carnivorwine.ca\/fr\/recettes\/sandwichs-au-steak-oignons-grilles\/\">Sandwiches au steak<\/a><\/p>\n\t\t\t<a href=\"https:\/\/www.carnivorwine.ca\/fr\/shiraz\/\" target=\"_self\" role=\"button\" rel=\"noopener\">\n\t\t\t\t\t\t\tVous aimez notre Zinfandel? Jetez un coup d&rsquo;\u0153il \u00e0 notre Shiraz!\n\t\t\t<\/a>\n\n","protected":false},"excerpt":{"rendered":"<p>Zinfandel INTENSE | AUDACIEUX | SAVOUREUX Notre doux Zinfandel pr\u00e9sente des notes de m\u00fbre riche, de caramel succulent et de ch\u00eane grill\u00e9 aromatique. C\u00e9pages 88% Zinfandel 7% Cabernet Sauvignon 5% Autres vins Origine Californie Teneur en alcool 13.9 % Accords viandes et vin Burger au boeuf | Sandwiches au steak Vous aimez notre Zinfandel? Jetez [&hellip;]<\/p>\n","protected":false},"author":1,"featured_media":0,"parent":0,"menu_order":0,"comment_status":"closed","ping_status":"closed","template":"","meta":{"_seopress_robots_primary_cat":"","_seopress_titles_title":"Vins Carnivor | Zinfandel","_seopress_titles_desc":"Un Zinfandel californien agr\u00e9ment\u00e9 de notes de m\u00fbres riches, de caramel fondant et d&#039;ar\u00f4mes de ch\u00eane grill\u00e9. Grandiose. Audacieux. Savoureux.","_seopress_robots_index":"","site-sidebar-layout":"no-sidebar","site-content-layout":"page-builder","ast-site-content-layout":"default","site-content-style":"default","site-sidebar-style":"default","ast-global-header-display":"","ast-banner-title-visibility":"","ast-main-header-display":"","ast-hfb-above-header-display":"","ast-hfb-below-header-display":"","ast-hfb-mobile-header-display":"","site-post-title":"disabled","ast-breadcrumbs-content":"","ast-featured-img":"disabled","footer-sml-layout":"","ast-disable-related-posts":"","theme-transparent-header-meta":"default","adv-header-id-meta":"","stick-header-meta":"","header-above-stick-meta":"","header-main-stick-meta":"","header-below-stick-meta":"","astra-migrate-meta-layouts":"default","ast-page-background-enabled":"default","ast-page-background-meta":{"desktop":{"background-color":"","background-image":"","background-repeat":"repeat","background-position":"center center","background-size":"auto","background-attachment":"scroll","background-type":"","background-media":"","overlay-type":"","overlay-color":"","overlay-opacity":"","overlay-gradient":""},"tablet":{"background-color":"","background-image":"","background-repeat":"repeat","background-position":"center center","background-size":"auto","background-attachment":"scroll","background-type":"","background-media":"","overlay-type":"","overlay-color":"","overlay-opacity":"","overlay-gradient":""},"mobile":{"background-color":"","background-image":"","background-repeat":"repeat","background-position":"center center","background-size":"auto","background-attachment":"scroll","background-type":"","background-media":"","overlay-type":"","overlay-color":"","overlay-opacity":"","overlay-gradient":""}},"ast-content-background-meta":{"desktop":{"background-color":"var(--ast-global-color-5)","background-image":"","background-repeat":"repeat","background-position":"center center","background-size":"auto","background-attachment":"scroll","background-type":"","background-media":"","overlay-type":"","overlay-color":"","overlay-opacity":"","overlay-gradient":""},"tablet":{"background-color":"var(--ast-global-color-5)","background-image":"","background-repeat":"repeat","background-position":"center center","background-size":"auto","background-attachment":"scroll","background-type":"","background-media":"","overlay-type":"","overlay-color":"","overlay-opacity":"","overlay-gradient":""},"mobile":{"background-color":"var(--ast-global-color-5)","background-image":"","background-repeat":"repeat","background-position":"center center","background-size":"auto","background-attachment":"scroll","background-type":"","background-media":"","overlay-type":"","overlay-color":"","overlay-opacity":"","overlay-gradient":""}},"footnotes":""},"class_list":["post-982","page","type-page","status-publish","hentry"],"_links":{"self":[{"href":"https:\/\/www.carnivorwine.ca\/fr\/wp-json\/wp\/v2\/pages\/982","targetHints":{"allow":["GET"]}}],"collection":[{"href":"https:\/\/www.carnivorwine.ca\/fr\/wp-json\/wp\/v2\/pages"}],"about":[{"href":"https:\/\/www.carnivorwine.ca\/fr\/wp-json\/wp\/v2\/types\/page"}],"author":[{"embeddable":true,"href":"https:\/\/www.carnivorwine.ca\/fr\/wp-json\/wp\/v2\/users\/1"}],"replies":[{"embeddable":true,"href":"https:\/\/www.carnivorwine.ca\/fr\/wp-json\/wp\/v2\/comments?post=982"}],"version-history":[{"count":5,"href":"https:\/\/www.carnivorwine.ca\/fr\/wp-json\/wp\/v2\/pages\/982\/revisions"}],"predecessor-version":[{"id":2240,"href":"https:\/\/www.carnivorwine.ca\/fr\/wp-json\/wp\/v2\/pages\/982\/revisions\/2240"}],"wp:attachment":[{"href":"https:\/\/www.carnivorwine.ca\/fr\/wp-json\/wp\/v2\/media?parent=982"}],"curies":[{"name":"wp","href":"https:\/\/api.w.org\/{rel}","templated":true}]}}