{"id":980,"date":"2019-02-14T15:14:14","date_gmt":"2019-02-14T20:14:14","guid":{"rendered":"https:\/\/wordpress-214024-787960.cloudwaysapps.com\/?page_id=980"},"modified":"2020-05-28T07:51:39","modified_gmt":"2020-05-28T11:51:39","slug":"shiraz","status":"publish","type":"page","link":"https:\/\/www.carnivorwine.ca\/fr\/shiraz\/","title":{"rendered":"Shiraz"},"content":{"rendered":"\n\t<h1>\n\t\t\t\tShiraz\n\t\t\t<\/h1>\n\t<p><strong>CORS\u00c9 | RICHE | COMPLEXE<\/strong><\/p>\n\t\t\t\t<img decoding=\"async\" src=\"https:\/\/www.carnivorwine.ca\/wp-content\/uploads\/carnivor-separator-2.png\" alt=\"carnivor-separator\" itemprop=\"image\" height=\"52\" width=\"214\" title=\"carnivor-separator\" onerror=\"this.style.display='none'\"  \/>\n\t<p>Notre riche Shiraz regorge de saveurs fruit\u00e9es de bleuets m\u00fbrs et de cerises noires m\u00fbres, agr\u00e9ment\u00e9es d\u2019un soup\u00e7on de poivre noir et d\u2019\u00e9pices. Une l\u00e9g\u00e8re note sucr\u00e9e et fruit\u00e9e compl\u00e8te le vin afin de lui conf\u00e9rer une longueur en bouche.<\/p>\n<h3>C\u00e9pages<\/h3>\t\t\n90% Shiraz\n10 % Autres vins\n<h3>Origine<\/h3>\t\t\n\t\t\tSud de l&rsquo;Australie\n<h3>Teneur en alcool<\/h3>\t\t\n\t\t\t13.5 %\n\t\t\t\t<img decoding=\"async\" src=\"https:\/\/www.carnivorwine.ca\/wp-content\/uploads\/carnivor-separator-2.png\" alt=\"carnivor-separator\" itemprop=\"image\" height=\"52\" width=\"214\" title=\"carnivor-separator\" onerror=\"this.style.display='none'\"  \/>\n<h2>\n\t\tAccords viandes et vin\n\t<\/h2>\n\t<p><a href=\"https:\/\/www.carnivorwine.ca\/fr\/recettes\/cotes-levees-braisees-au-vin\/\">C\u00f4tes brais\u00e9es et fum\u00e9es <\/a> | <a href=\"https:\/\/www.carnivorwine.ca\/fr\/recettes\/cotelettes-de-porc\/\">C\u00f4telettes de porc<\/a><\/p>\n\t\t\t<a href=\"https:\/\/www.carnivorwine.ca\/fr\/cabernet-sauvignon\/\" target=\"_self\" role=\"button\" rel=\"noopener noreferrer\">\n\t\t\t\t\t\t\tVous aimez notre Shiraz? Jetez un coup d\u2019\u0153il \u00e0 notre Cabernet!\n\t\t\t<\/a>\n","protected":false},"excerpt":{"rendered":"<p>Shiraz CORS\u00c9 | RICHE | COMPLEXE Notre riche Shiraz regorge de saveurs fruit\u00e9es de bleuets m\u00fbrs et de cerises noires m\u00fbres, agr\u00e9ment\u00e9es d\u2019un soup\u00e7on de poivre noir et d\u2019\u00e9pices. Une l\u00e9g\u00e8re note sucr\u00e9e et fruit\u00e9e compl\u00e8te le vin afin de lui conf\u00e9rer une longueur en bouche. C\u00e9pages 90% Shiraz 10 % Autres vins Origine Sud [&hellip;]<\/p>\n","protected":false},"author":1,"featured_media":0,"parent":0,"menu_order":0,"comment_status":"closed","ping_status":"closed","template":"","meta":{"_seopress_robots_primary_cat":"","_seopress_titles_title":"Vins Carnivor | Shiraz","_seopress_titles_desc":"Un Shiraz cors\u00e9, riche et complexe. Les bleuets m\u00fbrs et les cerises noires, agr\u00e9ment\u00e9s de touches de poivre noir et d&#039;\u00e9pices brunes, cr\u00e9ent une finale forte. ","_seopress_robots_index":"","site-sidebar-layout":"no-sidebar","site-content-layout":"page-builder","ast-site-content-layout":"default","site-content-style":"default","site-sidebar-style":"default","ast-global-header-display":"","ast-banner-title-visibility":"","ast-main-header-display":"","ast-hfb-above-header-display":"","ast-hfb-below-header-display":"","ast-hfb-mobile-header-display":"","site-post-title":"disabled","ast-breadcrumbs-content":"","ast-featured-img":"disabled","footer-sml-layout":"","ast-disable-related-posts":"","theme-transparent-header-meta":"default","adv-header-id-meta":"","stick-header-meta":"","header-above-stick-meta":"","header-main-stick-meta":"","header-below-stick-meta":"","astra-migrate-meta-layouts":"default","ast-page-background-enabled":"default","ast-page-background-meta":{"desktop":{"background-color":"","background-image":"","background-repeat":"repeat","background-position":"center center","background-size":"auto","background-attachment":"scroll","background-type":"","background-media":"","overlay-type":"","overlay-color":"","overlay-opacity":"","overlay-gradient":""},"tablet":{"background-color":"","background-image":"","background-repeat":"repeat","background-position":"center center","background-size":"auto","background-attachment":"scroll","background-type":"","background-media":"","overlay-type":"","overlay-color":"","overlay-opacity":"","overlay-gradient":""},"mobile":{"background-color":"","background-image":"","background-repeat":"repeat","background-position":"center center","background-size":"auto","background-attachment":"scroll","background-type":"","background-media":"","overlay-type":"","overlay-color":"","overlay-opacity":"","overlay-gradient":""}},"ast-content-background-meta":{"desktop":{"background-color":"var(--ast-global-color-5)","background-image":"","background-repeat":"repeat","background-position":"center center","background-size":"auto","background-attachment":"scroll","background-type":"","background-media":"","overlay-type":"","overlay-color":"","overlay-opacity":"","overlay-gradient":""},"tablet":{"background-color":"var(--ast-global-color-5)","background-image":"","background-repeat":"repeat","background-position":"center center","background-size":"auto","background-attachment":"scroll","background-type":"","background-media":"","overlay-type":"","overlay-color":"","overlay-opacity":"","overlay-gradient":""},"mobile":{"background-color":"var(--ast-global-color-5)","background-image":"","background-repeat":"repeat","background-position":"center center","background-size":"auto","background-attachment":"scroll","background-type":"","background-media":"","overlay-type":"","overlay-color":"","overlay-opacity":"","overlay-gradient":""}},"footnotes":""},"class_list":["post-980","page","type-page","status-publish","hentry"],"_links":{"self":[{"href":"https:\/\/www.carnivorwine.ca\/fr\/wp-json\/wp\/v2\/pages\/980","targetHints":{"allow":["GET"]}}],"collection":[{"href":"https:\/\/www.carnivorwine.ca\/fr\/wp-json\/wp\/v2\/pages"}],"about":[{"href":"https:\/\/www.carnivorwine.ca\/fr\/wp-json\/wp\/v2\/types\/page"}],"author":[{"embeddable":true,"href":"https:\/\/www.carnivorwine.ca\/fr\/wp-json\/wp\/v2\/users\/1"}],"replies":[{"embeddable":true,"href":"https:\/\/www.carnivorwine.ca\/fr\/wp-json\/wp\/v2\/comments?post=980"}],"version-history":[{"count":5,"href":"https:\/\/www.carnivorwine.ca\/fr\/wp-json\/wp\/v2\/pages\/980\/revisions"}],"predecessor-version":[{"id":1510,"href":"https:\/\/www.carnivorwine.ca\/fr\/wp-json\/wp\/v2\/pages\/980\/revisions\/1510"}],"wp:attachment":[{"href":"https:\/\/www.carnivorwine.ca\/fr\/wp-json\/wp\/v2\/media?parent=980"}],"curies":[{"name":"wp","href":"https:\/\/api.w.org\/{rel}","templated":true}]}}