{"id":978,"date":"2019-02-14T15:13:17","date_gmt":"2019-02-14T20:13:17","guid":{"rendered":"https:\/\/wordpress-214024-787960.cloudwaysapps.com\/?page_id=978"},"modified":"2021-10-05T10:10:52","modified_gmt":"2021-10-05T14:10:52","slug":"carnivor","status":"publish","type":"page","link":"https:\/\/www.carnivorwine.ca\/fr\/","title":{"rendered":"Vins Carnivor | La Viande et Carnivor: Faits L\u2019Un pour L\u2019Autre"},"content":{"rendered":"\n\n\t\t\t\t<img decoding=\"async\" src=\"https:\/\/www.carnivorwine.ca\/wp-content\/uploads\/viande-et-carnivor-1.png\" alt=\"viande-et-carnivor\" itemprop=\"image\" height=\"200\" width=\"735\" title=\"viande-et-carnivor\" onerror=\"this.style.display='none'\"  \/>\n<h2>\n\t\tCabernet Sauvignon\n\t<\/h2>\n\t\t\t<a href=\"https:\/\/www.carnivorwine.ca\/fr\/cabernet-sauvignon\/\" target=\"_self\" role=\"button\" rel=\"noopener\">\n\t\t\t\t\t\t\tPlus d&rsquo;informations\n\t\t\t<\/a>\n\t\t\t\t<a href=\"https:\/\/www.carnivorwine.ca\/fr\/cabernet-sauvignon\/\" target=\"_self\" itemprop=\"url\" rel=\"noopener\">\n\t\t\t\t<img decoding=\"async\" src=\"https:\/\/www.carnivorwine.ca\/wp-content\/uploads\/carnivor-cabernet-label-2021.png\" alt=\"Bouteille de vin Carnivor Cabernet\" itemprop=\"image\" height=\"850\" width=\"260\" title=\"carnivor-cabernet-label-2021\" onerror=\"this.style.display='none'\"  \/>\n\t\t\t\t<\/a>\n<h2>\n\t\tZinfandel\n\t<\/h2>\n\t\t\t<a href=\"https:\/\/www.carnivorwine.ca\/fr\/zinfandel\/\" target=\"_self\" role=\"button\" rel=\"noopener\">\n\t\t\t\t\t\t\tPlus d&rsquo;informations\n\t\t\t<\/a>\n\t\t\t\t<a href=\"https:\/\/www.carnivorwine.ca\/fr\/zinfandel\/\" target=\"_self\" itemprop=\"url\" rel=\"noopener\">\n\t\t\t\t<img decoding=\"async\" src=\"https:\/\/www.carnivorwine.ca\/wp-content\/uploads\/carnivor-zinfandel-label-2021.png\" alt=\"Bouteille de vin Carnivor Zinfandel\" itemprop=\"image\" height=\"850\" width=\"260\" title=\"carnivor-zinfandel-label-2021\" onerror=\"this.style.display='none'\"  \/>\n\t\t\t\t<\/a>\n<h2>\n\t\tShiraz\n\t<\/h2>\n\t\t\t<a href=\"https:\/\/www.carnivorwine.ca\/fr\/shiraz\/\" target=\"_self\" role=\"button\" rel=\"noopener\">\n\t\t\t\t\t\t\tPlus d&rsquo;informations\n\t\t\t<\/a>\n\t\t\t\t<a href=\"https:\/\/www.carnivorwine.ca\/fr\/shiraz\/\" target=\"_self\" itemprop=\"url\" rel=\"noopener\">\n\t\t\t\t<img decoding=\"async\" src=\"https:\/\/www.carnivorwine.ca\/wp-content\/uploads\/carnivor-shiraz-wine-bottle-1.png\" alt=\"carnivor-shiraz-wine-bottle\" itemprop=\"image\" height=\"850\" width=\"260\" title=\"carnivor-shiraz-wine-bottle\" onerror=\"this.style.display='none'\"  \/>\n\t\t\t\t<\/a>\n<h3>\n\t\tSuivez-nous\n\t<\/h3>\n\t<p>#CARNIVORWINE<\/p>\n\n","protected":false},"excerpt":{"rendered":"<p>Cabernet Sauvignon Plus d&rsquo;informations Zinfandel Plus d&rsquo;informations Shiraz Plus d&rsquo;informations Suivez-nous #CARNIVORWINE<\/p>\n","protected":false},"author":1,"featured_media":0,"parent":0,"menu_order":0,"comment_status":"closed","ping_status":"closed","template":"","meta":{"_seopress_robots_primary_cat":"","_seopress_titles_title":"Vins Carnivor | La Viande et Carnivor: Faits L\u2019Un pour L\u2019Autre","_seopress_titles_desc":"Carnivor ajoute un compl\u00e9ment captivant \u00e0 votre viande rouge pr\u00e9f\u00e9r\u00e9e. Avec nos vins, vous obtenez de grandes saveurs audacieuses et une finale lisse.","_seopress_robots_index":"","site-sidebar-layout":"default","site-content-layout":"default","ast-site-content-layout":"default","site-content-style":"default","site-sidebar-style":"default","ast-global-header-display":"","ast-banner-title-visibility":"","ast-main-header-display":"","ast-hfb-above-header-display":"","ast-hfb-below-header-display":"","ast-hfb-mobile-header-display":"","site-post-title":"disabled","ast-breadcrumbs-content":"","ast-featured-img":"","footer-sml-layout":"","ast-disable-related-posts":"","theme-transparent-header-meta":"default","adv-header-id-meta":"","stick-header-meta":"","header-above-stick-meta":"","header-main-stick-meta":"","header-below-stick-meta":"","astra-migrate-meta-layouts":"default","ast-page-background-enabled":"default","ast-page-background-meta":{"desktop":{"background-color":"","background-image":"","background-repeat":"repeat","background-position":"center center","background-size":"auto","background-attachment":"scroll","background-type":"","background-media":"","overlay-type":"","overlay-color":"","overlay-opacity":"","overlay-gradient":""},"tablet":{"background-color":"","background-image":"","background-repeat":"repeat","background-position":"center center","background-size":"auto","background-attachment":"scroll","background-type":"","background-media":"","overlay-type":"","overlay-color":"","overlay-opacity":"","overlay-gradient":""},"mobile":{"background-color":"","background-image":"","background-repeat":"repeat","background-position":"center center","background-size":"auto","background-attachment":"scroll","background-type":"","background-media":"","overlay-type":"","overlay-color":"","overlay-opacity":"","overlay-gradient":""}},"ast-content-background-meta":{"desktop":{"background-color":"var(--ast-global-color-5)","background-image":"","background-repeat":"repeat","background-position":"center center","background-size":"auto","background-attachment":"scroll","background-type":"","background-media":"","overlay-type":"","overlay-color":"","overlay-opacity":"","overlay-gradient":""},"tablet":{"background-color":"var(--ast-global-color-5)","background-image":"","background-repeat":"repeat","background-position":"center center","background-size":"auto","background-attachment":"scroll","background-type":"","background-media":"","overlay-type":"","overlay-color":"","overlay-opacity":"","overlay-gradient":""},"mobile":{"background-color":"var(--ast-global-color-5)","background-image":"","background-repeat":"repeat","background-position":"center center","background-size":"auto","background-attachment":"scroll","background-type":"","background-media":"","overlay-type":"","overlay-color":"","overlay-opacity":"","overlay-gradient":""}},"footnotes":""},"class_list":["post-978","page","type-page","status-publish","hentry"],"_links":{"self":[{"href":"https:\/\/www.carnivorwine.ca\/fr\/wp-json\/wp\/v2\/pages\/978","targetHints":{"allow":["GET"]}}],"collection":[{"href":"https:\/\/www.carnivorwine.ca\/fr\/wp-json\/wp\/v2\/pages"}],"about":[{"href":"https:\/\/www.carnivorwine.ca\/fr\/wp-json\/wp\/v2\/types\/page"}],"author":[{"embeddable":true,"href":"https:\/\/www.carnivorwine.ca\/fr\/wp-json\/wp\/v2\/users\/1"}],"replies":[{"embeddable":true,"href":"https:\/\/www.carnivorwine.ca\/fr\/wp-json\/wp\/v2\/comments?post=978"}],"version-history":[{"count":5,"href":"https:\/\/www.carnivorwine.ca\/fr\/wp-json\/wp\/v2\/pages\/978\/revisions"}],"predecessor-version":[{"id":2231,"href":"https:\/\/www.carnivorwine.ca\/fr\/wp-json\/wp\/v2\/pages\/978\/revisions\/2231"}],"wp:attachment":[{"href":"https:\/\/www.carnivorwine.ca\/fr\/wp-json\/wp\/v2\/media?parent=978"}],"curies":[{"name":"wp","href":"https:\/\/api.w.org\/{rel}","templated":true}]}}