{"id":969,"date":"2019-02-14T14:08:38","date_gmt":"2019-02-14T19:08:38","guid":{"rendered":"https:\/\/wordpress-214024-787960.cloudwaysapps.com\/?page_id=969"},"modified":"2023-09-26T09:36:14","modified_gmt":"2023-09-26T13:36:14","slug":"ou-acheter","status":"publish","type":"page","link":"https:\/\/www.carnivorwine.ca\/fr\/ou-acheter\/","title":{"rendered":"O\u00f9 acheter"},"content":{"rendered":"\n<h1>\n\t\tO\u00d9 ACHETER\n\t<\/h1>\n\t<p>Rep\u00e9rez le d\u00e9taillant le plus pr\u00e8s de chez vous en cliquant sur les liens ci-dessous.<\/p>\n\t\t\t\t\t\t\t\t<a href=\"https:\/\/www.liquorconnect.com\/Products\/Search?query=carnivor&#038;page=1&#038;utm_source=carnivor&#038;utm_medium=website&#038;utm_campaign=wheretobuyclicks\" target=\"_blank\" rel=\"noopener\">\n\t\t\t\t\t\t<\/a>\n\t<h3><a href=\"https:\/\/www.liquorconnect.com\/Products\/Search?query=carnivor&#038;page=1&#038;utm_source=carnivor&#038;utm_medium=website&#038;utm_campaign=wheretobuyclicks\" target=\"_blank\" rel=\"noopener\">ALBERTA<\/a><\/h3>\t\t\n\t\t\t<p>liquorconnect.com<\/p>\n\t\t\t\t\t\t\t\t<a href=\"https:\/\/www.bcliquorstores.com\/product-catalogue?search=carnivor&#038;sort=_score%3Adesc&#038;page=1&#038;utm_source=carnivor&#038;utm_medium=website&#038;utm_campaign=wheretobuyclicks\" target=\"_blank\" rel=\"noopener\">\n\t\t\t\t\t\t<\/a>\n\t<h3><a href=\"https:\/\/www.bcliquorstores.com\/product-catalogue?search=carnivor&#038;sort=_score%3Adesc&#038;page=1&#038;utm_source=carnivor&#038;utm_medium=website&#038;utm_campaign=wheretobuyclicks\" target=\"_blank\" rel=\"noopener\">COLOMBIE-BRITANNIQUE<\/a><\/h3>\t\t\n\t\t\t<p>bcliquorstores.com<\/p>\n\t\t\t\t\t\t\t\t<a href=\"https:\/\/www.liquormarts.ca\/search-products\/%25\/carnivor?utm_source=carnivor&#038;utm_medium=website&#038;utm_campaign=wheretobuyclicks\" target=\"_blank\" rel=\"noopener\">\n\t\t\t\t\t\t<\/a>\n\t<h3><a href=\"https:\/\/www.liquormarts.ca\/search-products\/%25\/carnivor?utm_source=carnivor&#038;utm_medium=website&#038;utm_campaign=wheretobuyclicks\" target=\"_blank\" rel=\"noopener\">MANITOBA<\/a><\/h3>\t\t\n\t\t\t<p>liquormartsonline.com<\/p>\n\t<h3>SASKATCHEWAN<\/h3>\t\t\n\t\t\t<p>V\u00e9rifiez aupr\u00e8s de votre d\u00e9taillant local<\/p>\n\t\t\t\t\t\t\t\t<a href=\"https:\/\/www.lcbo.com\/lcbo\/search?searchTerm=carnivor&#038;utm_source=carnivor&#038;utm_medium=website&#038;utm_campaign=wheretobuyclicks\" target=\"_blank\" rel=\"noopener\">\n\t\t\t\t\t\t<\/a>\n\t<h3><a href=\"https:\/\/www.lcbo.com\/lcbo\/search?searchTerm=carnivor&#038;utm_source=carnivor&#038;utm_medium=website&#038;utm_campaign=wheretobuyclicks\" target=\"_blank\" rel=\"noopener\">Ontario<\/a><\/h3>\t\t\n\t\t\t<p>lcbo.com<\/p>\n\t\t\t\t\t\t\t\t<a href=\"https:\/\/www.saq.com\/fr\/11975090?q=carnivor&#038;utm_source=carnivor&#038;utm_medium=website&#038;utm_campaign=wheretobuyclicks\" target=\"_blank\" rel=\"noopener\">\n\t\t\t\t\t\t<\/a>\n\t<h3><a href=\"https:\/\/www.saq.com\/fr\/11975090?q=carnivor&#038;utm_source=carnivor&#038;utm_medium=website&#038;utm_campaign=wheretobuyclicks\" target=\"_blank\" rel=\"noopener\">Qu\u00e9bec<\/a><\/h3>\t\t\n\t\t\t<p>saq.com<\/p>\n\t\t\t\t\t\t\t\t<a href=\"https:\/\/www.anbl.com\/recherche-produits?utm_source=carnivor&#038;utm_medium=website&#038;utm_campaign=wheretobuyclicks&#038;qs=carnivor\" target=\"_blank\" rel=\"noopener\">\n\t\t\t\t\t\t<\/a>\n\t<h3><a href=\"https:\/\/www.anbl.com\/recherche-produits?utm_source=carnivor&#038;utm_medium=website&#038;utm_campaign=wheretobuyclicks&#038;qs=carnivor\" target=\"_blank\" rel=\"noopener\">Nouveau-Brunswick<\/a><\/h3>\t\t\n\t\t\t<p>anbl.com<\/p>\n\t\t\t\t\t\t\t\t<a href=\"https:\/\/www.mynslc.com\/Search-Results?ActiveTab=products&#038;Start=0&#038;Length=12&#038;Keywords=%20carnivor&#038;utm_source=carnivor&#038;utm_medium=website&#038;utm_campaign=wheretobuyclicks\" target=\"_blank\" rel=\"noopener\">\n\t\t\t\t\t\t<\/a>\n\t<h3><a href=\"https:\/\/www.mynslc.com\/Search-Results?ActiveTab=products&#038;Start=0&#038;Length=12&#038;Keywords=%20carnivor&#038;utm_source=carnivor&#038;utm_medium=website&#038;utm_campaign=wheretobuyclicks\" target=\"_blank\" rel=\"noopener\">Nouvelle-\u00c9cosse<\/a><\/h3>\t\t\n\t\t\t<p>mynslc.com<\/p>\n\t\t\t\t\t\t\t\t<a href=\"https:\/\/nlliquor.com\/?s=carnivor&#038;post_type=product&#038;utm_source=carnivor&#038;utm_medium=website&#038;utm_campaign=wheretobuyclicks\" target=\"_blank\" rel=\"noopener\">\n\t\t\t\t\t\t<\/a>\n\t<h3><a href=\"https:\/\/nlliquor.com\/?s=carnivor&#038;post_type=product&#038;utm_source=carnivor&#038;utm_medium=website&#038;utm_campaign=wheretobuyclicks\" target=\"_blank\" rel=\"noopener\">Terre-Neuve<\/a><\/h3>\t\t\n\t\t\t<p>nlliquor.com<\/p>\n\t\t\t\t\t\t\t\t<a href=\"https:\/\/liquorpei.com\/?s=carnivor&#038;utm_source=carnivor&#038;utm_medium=website&#038;utm_campaign=wheretobuyclicks\" target=\"_blank\" rel=\"noopener\">\n\t\t\t\t\t\t<\/a>\n\t<h3><a href=\"https:\/\/liquorpei.com\/?s=carnivor&#038;utm_source=carnivor&#038;utm_medium=website&#038;utm_campaign=wheretobuyclicks\" target=\"_blank\" rel=\"noopener\">\u00cele-du-Prince-Edouard<\/a><\/h3>\t\t\n\t\t\t<p>liquorpei.com<\/p>\n<h2>\n\t\tLivraison sur demande\n\t<\/h2>\n\t<p>Disponible seulement en Ontario<\/p>\n\t\t\t\t<a href=\"https:\/\/www.thebeerguy.ca\/carnivor\/?utm_source=ejg&#038;utm_medium=wtb_page&#038;utm_campaign=EJG_custom_page\" target=\"_blank\" rel=\"noopener\" itemprop=\"url\">\n\t\t\t\t<img decoding=\"async\" src=\"https:\/\/www.carnivorwine.ca\/wp-content\/uploads\/beer-guy-homerun-delivery-white.svg\" alt=\"The Beer Guy Homerun Delivery Logo.\" itemprop=\"image\" height=\"0\" width=\"0\" title=\"beer-guy-homerun-delivery-white\" onerror=\"this.style.display='none'\"  \/>\n\t\t\t\t<\/a>\n\t<p>Les informations concernant la disponibilit\u00e9 des produits sont, au meilleur de notre connaissance, exactes, et sont fournies par les distributeurs ind\u00e9pendants de nos produits. Nous n&rsquo;offrons aucune garantie concernant la disponibilit\u00e9 des produits en inventaire.<\/p>\n\n","protected":false},"excerpt":{"rendered":"<p>O\u00d9 ACHETER Rep\u00e9rez le d\u00e9taillant le plus pr\u00e8s de chez vous en cliquant sur les liens ci-dessous. ALBERTA liquorconnect.com COLOMBIE-BRITANNIQUE bcliquorstores.com MANITOBA liquormartsonline.com SASKATCHEWAN V\u00e9rifiez aupr\u00e8s de votre d\u00e9taillant local Ontario lcbo.com Qu\u00e9bec saq.com Nouveau-Brunswick anbl.com Nouvelle-\u00c9cosse mynslc.com Terre-Neuve nlliquor.com \u00cele-du-Prince-Edouard liquorpei.com Livraison sur demande Disponible seulement en Ontario Les informations concernant la disponibilit\u00e9 des [&hellip;]<\/p>\n","protected":false},"author":1,"featured_media":0,"parent":0,"menu_order":0,"comment_status":"closed","ping_status":"closed","template":"","meta":{"_seopress_robots_primary_cat":"","_seopress_titles_title":"Vins Carnivor | O\u00f9 acheter","_seopress_titles_desc":"D\u00e9couvrez o\u00f9 acheter vos vins Carnivor pr\u00e9f\u00e9r\u00e9s et satisfaire vos envies f\u00e9roces aujourd&#039;hui.","_seopress_robots_index":"","site-sidebar-layout":"no-sidebar","site-content-layout":"page-builder","ast-site-content-layout":"default","site-content-style":"default","site-sidebar-style":"default","ast-global-header-display":"","ast-banner-title-visibility":"","ast-main-header-display":"","ast-hfb-above-header-display":"","ast-hfb-below-header-display":"","ast-hfb-mobile-header-display":"","site-post-title":"disabled","ast-breadcrumbs-content":"","ast-featured-img":"disabled","footer-sml-layout":"","ast-disable-related-posts":"","theme-transparent-header-meta":"default","adv-header-id-meta":"","stick-header-meta":"","header-above-stick-meta":"","header-main-stick-meta":"","header-below-stick-meta":"","astra-migrate-meta-layouts":"default","ast-page-background-enabled":"default","ast-page-background-meta":{"desktop":{"background-color":"","background-image":"","background-repeat":"repeat","background-position":"center center","background-size":"auto","background-attachment":"scroll","background-type":"","background-media":"","overlay-type":"","overlay-color":"","overlay-opacity":"","overlay-gradient":""},"tablet":{"background-color":"","background-image":"","background-repeat":"repeat","background-position":"center center","background-size":"auto","background-attachment":"scroll","background-type":"","background-media":"","overlay-type":"","overlay-color":"","overlay-opacity":"","overlay-gradient":""},"mobile":{"background-color":"","background-image":"","background-repeat":"repeat","background-position":"center center","background-size":"auto","background-attachment":"scroll","background-type":"","background-media":"","overlay-type":"","overlay-color":"","overlay-opacity":"","overlay-gradient":""}},"ast-content-background-meta":{"desktop":{"background-color":"var(--ast-global-color-5)","background-image":"","background-repeat":"repeat","background-position":"center center","background-size":"auto","background-attachment":"scroll","background-type":"","background-media":"","overlay-type":"","overlay-color":"","overlay-opacity":"","overlay-gradient":""},"tablet":{"background-color":"var(--ast-global-color-5)","background-image":"","background-repeat":"repeat","background-position":"center center","background-size":"auto","background-attachment":"scroll","background-type":"","background-media":"","overlay-type":"","overlay-color":"","overlay-opacity":"","overlay-gradient":""},"mobile":{"background-color":"var(--ast-global-color-5)","background-image":"","background-repeat":"repeat","background-position":"center center","background-size":"auto","background-attachment":"scroll","background-type":"","background-media":"","overlay-type":"","overlay-color":"","overlay-opacity":"","overlay-gradient":""}},"footnotes":""},"class_list":["post-969","page","type-page","status-publish","hentry"],"_links":{"self":[{"href":"https:\/\/www.carnivorwine.ca\/fr\/wp-json\/wp\/v2\/pages\/969","targetHints":{"allow":["GET"]}}],"collection":[{"href":"https:\/\/www.carnivorwine.ca\/fr\/wp-json\/wp\/v2\/pages"}],"about":[{"href":"https:\/\/www.carnivorwine.ca\/fr\/wp-json\/wp\/v2\/types\/page"}],"author":[{"embeddable":true,"href":"https:\/\/www.carnivorwine.ca\/fr\/wp-json\/wp\/v2\/users\/1"}],"replies":[{"embeddable":true,"href":"https:\/\/www.carnivorwine.ca\/fr\/wp-json\/wp\/v2\/comments?post=969"}],"version-history":[{"count":5,"href":"https:\/\/www.carnivorwine.ca\/fr\/wp-json\/wp\/v2\/pages\/969\/revisions"}],"predecessor-version":[{"id":2413,"href":"https:\/\/www.carnivorwine.ca\/fr\/wp-json\/wp\/v2\/pages\/969\/revisions\/2413"}],"wp:attachment":[{"href":"https:\/\/www.carnivorwine.ca\/fr\/wp-json\/wp\/v2\/media?parent=969"}],"curies":[{"name":"wp","href":"https:\/\/api.w.org\/{rel}","templated":true}]}}