{"id":967,"date":"2019-02-14T14:05:46","date_gmt":"2019-02-14T19:05:46","guid":{"rendered":"https:\/\/wordpress-214024-787960.cloudwaysapps.com\/?page_id=967"},"modified":"2019-10-16T11:53:48","modified_gmt":"2019-10-16T15:53:48","slug":"nous-joindre","status":"publish","type":"page","link":"https:\/\/www.carnivorwine.ca\/fr\/nous-joindre\/","title":{"rendered":"Nous joindre"},"content":{"rendered":"<h1>\r\n\t\tNOUS JOINDRE\r\n\t<\/h1>\r\n\t<p>Vous avez des commentaires? Nous voulons les conna\u00eetre. Partagez votre opinion avec l\u2019\u00e9quipe de Carnivor en nous appelant au num\u00e9ro sans frais ci-dessous ou en nous envoyant un message sur nos r\u00e9seaux sociaux.<\/p>\r\n<p>Num\u00e9ro sans frais &#8211; 1 833-879-8056, du lundi au vendredi de 8h \u00e0 17h et le samedi de 9h \u00e0 15h, HNP.<\/p>\r\n<p>Vous ne trouvez pas vos favoris? Consultez notre page <a href=\"https:\/\/www.carnivorwine.ca\/fr\/ou-acheter\/\">O\u00f9 acheter<\/a><\/p>\r\n<p><a href=\"https:\/\/www.carnivorwine.ca\/fr\/politique-de-confidentialite\/\">Cliquez ici pour en savoir plus sur la fa\u00e7on dont nous utilisons vos informations.<\/a><\/p>\r\n","protected":false},"excerpt":{"rendered":"<p>NOUS JOINDRE Vous avez des commentaires? Nous voulons les conna\u00eetre. Partagez votre opinion avec l\u2019\u00e9quipe de Carnivor en nous appelant au num\u00e9ro sans frais ci-dessous ou en nous envoyant un message sur nos r\u00e9seaux sociaux. Num\u00e9ro sans frais &#8211; 1 833-879-8056, du lundi au vendredi de 8h \u00e0 17h et le samedi de 9h \u00e0 [&hellip;]<\/p>\n","protected":false},"author":1,"featured_media":0,"parent":0,"menu_order":0,"comment_status":"closed","ping_status":"closed","template":"","meta":{"_seopress_robots_primary_cat":"","_seopress_titles_title":"Vins Carnivor | Nous joindre","_seopress_titles_desc":"Contactez-nous pour nous faire part des vos commentaires ou de vos opinions.","_seopress_robots_index":"","site-sidebar-layout":"no-sidebar","site-content-layout":"page-builder","ast-site-content-layout":"default","site-content-style":"default","site-sidebar-style":"default","ast-global-header-display":"","ast-banner-title-visibility":"","ast-main-header-display":"","ast-hfb-above-header-display":"","ast-hfb-below-header-display":"","ast-hfb-mobile-header-display":"","site-post-title":"disabled","ast-breadcrumbs-content":"","ast-featured-img":"disabled","footer-sml-layout":"","ast-disable-related-posts":"","theme-transparent-header-meta":"default","adv-header-id-meta":"","stick-header-meta":"","header-above-stick-meta":"","header-main-stick-meta":"","header-below-stick-meta":"","astra-migrate-meta-layouts":"default","ast-page-background-enabled":"default","ast-page-background-meta":{"desktop":{"background-color":"","background-image":"","background-repeat":"repeat","background-position":"center center","background-size":"auto","background-attachment":"scroll","background-type":"","background-media":"","overlay-type":"","overlay-color":"","overlay-opacity":"","overlay-gradient":""},"tablet":{"background-color":"","background-image":"","background-repeat":"repeat","background-position":"center center","background-size":"auto","background-attachment":"scroll","background-type":"","background-media":"","overlay-type":"","overlay-color":"","overlay-opacity":"","overlay-gradient":""},"mobile":{"background-color":"","background-image":"","background-repeat":"repeat","background-position":"center center","background-size":"auto","background-attachment":"scroll","background-type":"","background-media":"","overlay-type":"","overlay-color":"","overlay-opacity":"","overlay-gradient":""}},"ast-content-background-meta":{"desktop":{"background-color":"var(--ast-global-color-5)","background-image":"","background-repeat":"repeat","background-position":"center center","background-size":"auto","background-attachment":"scroll","background-type":"","background-media":"","overlay-type":"","overlay-color":"","overlay-opacity":"","overlay-gradient":""},"tablet":{"background-color":"var(--ast-global-color-5)","background-image":"","background-repeat":"repeat","background-position":"center center","background-size":"auto","background-attachment":"scroll","background-type":"","background-media":"","overlay-type":"","overlay-color":"","overlay-opacity":"","overlay-gradient":""},"mobile":{"background-color":"var(--ast-global-color-5)","background-image":"","background-repeat":"repeat","background-position":"center center","background-size":"auto","background-attachment":"scroll","background-type":"","background-media":"","overlay-type":"","overlay-color":"","overlay-opacity":"","overlay-gradient":""}},"footnotes":""},"class_list":["post-967","page","type-page","status-publish","hentry"],"_links":{"self":[{"href":"https:\/\/www.carnivorwine.ca\/fr\/wp-json\/wp\/v2\/pages\/967","targetHints":{"allow":["GET"]}}],"collection":[{"href":"https:\/\/www.carnivorwine.ca\/fr\/wp-json\/wp\/v2\/pages"}],"about":[{"href":"https:\/\/www.carnivorwine.ca\/fr\/wp-json\/wp\/v2\/types\/page"}],"author":[{"embeddable":true,"href":"https:\/\/www.carnivorwine.ca\/fr\/wp-json\/wp\/v2\/users\/1"}],"replies":[{"embeddable":true,"href":"https:\/\/www.carnivorwine.ca\/fr\/wp-json\/wp\/v2\/comments?post=967"}],"version-history":[{"count":4,"href":"https:\/\/www.carnivorwine.ca\/fr\/wp-json\/wp\/v2\/pages\/967\/revisions"}],"predecessor-version":[{"id":1340,"href":"https:\/\/www.carnivorwine.ca\/fr\/wp-json\/wp\/v2\/pages\/967\/revisions\/1340"}],"wp:attachment":[{"href":"https:\/\/www.carnivorwine.ca\/fr\/wp-json\/wp\/v2\/media?parent=967"}],"curies":[{"name":"wp","href":"https:\/\/api.w.org\/{rel}","templated":true}]}}